{"id":9029,"date":"2025-07-02T12:12:52","date_gmt":"2025-07-02T10:12:52","guid":{"rendered":"https:\/\/johanna-castel-reflexologie.fr\/?page_id=9029"},"modified":"2025-07-02T13:14:01","modified_gmt":"2025-07-02T11:14:01","slug":"la-reflexologie-et-lemotionnel-chez-les-petits-et-les-grands","status":"publish","type":"page","link":"https:\/\/johanna-castel-reflexologie.fr\/?page_id=9029","title":{"rendered":"La r\u00e9flexologie et l&#8217;\u00e9motionnel chez les petits et les grands"},"content":{"rendered":"\t\t<div data-elementor-type=\"wp-page\" data-elementor-id=\"9029\" class=\"elementor elementor-9029\" data-elementor-post-type=\"page\">\n\t\t\t\t<div class=\"elementor-element elementor-element-0a8d3ae e-flex e-con-boxed e-con e-parent\" data-id=\"0a8d3ae\" data-element_type=\"container\">\n\t\t\t\t\t<div class=\"e-con-inner\">\n\t\t\t\t<div class=\"elementor-element elementor-element-a035a5a elementor-widget elementor-widget-text-editor\" data-id=\"a035a5a\" data-element_type=\"widget\" data-widget_type=\"text-editor.default\">\n\t\t\t\t<div class=\"elementor-widget-container\">\n\t\t\t\t\t\t\t\t\t<div>La r\u00e9flexologie consid\u00e8re la personne dans sa globalit\u00e9 et peut agir sur les terrains physique et \u00e9motionnel. L\u2019objectif est d\u2019harmoniser corps et esprit.\u00a0<\/div><div>\u00a0<\/div><div>En M\u00e9decine Traditionnelle Chinoise, les m\u00e9ridiens sont reli\u00e9s aux organes, eux-m\u00eames reli\u00e9s aux \u00e9motions.\u00a0<\/div><div>La r\u00e9flexologie peut aller travailler sur le r\u00e9\u00e9quilibrage des organes lorsqu\u2019il existe un blocage ou un d\u00e9s\u00e9quilibre \u00e9motionnel. Un probl\u00e8me sur un organe nous informe de l\u2019\u00e9motion en d\u00e9s\u00e9quilibre.\u00a0<\/div><div>\u00a0<\/div><div>Par exemple, chez les b\u00e9b\u00e9s et enfants, on peut pratiquer la R\u00e9flexologie B\u00e9b\u00e9 Emotionnelle (RBE), \u00e0 laquelle je suis form\u00e9e, pour aller travailler notamment sur les \u00e9motions et les cas suivants :\u00a0<\/div><div>\u00a0<\/div><div>\u2022 Col\u00e8re<\/div><div><div>\u2022 Peur<\/div><div>\u2022 Tristesse<\/div><div>\u2022 Angoisses\/Pleurs<\/div><div>\u2022 Retard de croissance<\/div><div>\u2022 B\u00e9b\u00e9 n\u00e9 avec le cordon autour du cou<\/div><div>\u2022 Apr\u00e8s une c\u00e9sarienne ou une couveuse\/ douleur de s\u00e9paration<\/div><\/div><div>\u00a0<\/div><div>\u00a0<\/div><div><div>Chez l\u2019adulte, je suis form\u00e9e au r\u00e9\u00e9quilibrage \u00e9motionnel par la r\u00e9flexologie. Il s\u2019agit d\u2019une harmonisation des sept principaux chakras.\u00a0<\/div><div>L\u2019\u00e9nergie vitale circule par les m\u00e9ridiens, les chakras sont les endroits o\u00f9 les m\u00e9ridiens se croisent. Il y a une concentration d\u2019\u00e9nergie. Lorsque l\u2019\u00e9nergie ne circule pas bien d\u2019un chakra \u00e0 l\u2019autre \u2013 cela peut \u00eatre le cas lors de difficult\u00e9s, de traumatismes, de transitions de vie, \u2026 l\u2019\u00e9nergie vitale ne circule pas de mani\u00e8re optimale.\u00a0<\/div><div>Avec le r\u00e9\u00e9quilibrage \u00e9motionnel par la r\u00e9flexologie, l\u2019id\u00e9e est de r\u00e9\u00e9quilibrer les chakras, de huiler les engrenages pour une bonne circulation de l\u2019\u00e9nergie.\u00a0<\/div><div><div>\u00a0<\/div><\/div><div>Il s\u2019agit ici d\u2019un travail via la r\u00e9flexologie plantaire sur les 7 principaux chakras, avec l\u2019utilisation de 7 pierres correspondantes, de 7 mantras correspondants et de 7 couleurs correspondantes.<\/div><div>\u00a0<\/div><div>Une s\u00e9ance avec des mouvements beaucoup plus lents et cocooning qu\u2019une r\u00e9flexologie plantaire \u00ab\u00a0classique\u00a0\u00bb.\u00a0<\/div><div>Apr\u00e8s le bilan r\u00e9flexologique, la s\u00e9ance se d\u00e9roule toujours dans le fauteuil, ce sont des mouvements lents et circulaires sous les pieds, pour &#8220;huiler les engrenages&#8221; et r\u00e9\u00e9quilibrer les chakras, une vraie danse cocooning, tout en douceur et en enveloppement. J&#8217;utilise de l&#8217;huile, un baume ou du liniment pour accompagner mes gestes.<\/div><div>\u00a0<\/div><\/div><div><div class=\"x14z9mp xat24cr x1lziwak x1vvkbs xtlvy1s x126k92a\"><div dir=\"auto\">Elle est indiqu\u00e9e notamment pour tous les tournants de la vie, les p\u00e9riodes de transition, pendant ou \u00e0 la suite d&#8217;\u00e9v\u00e9nements particuliers, de blessures \u00e9motionnelles, qui ont pu d\u00e9s\u00e9quilibrer vos chakras (d\u00e9c\u00e8s, s\u00e9paration, divorce, relations conflictuelles, difficult\u00e9s de couple, entr\u00e9e dans la vie active, perte d&#8217;emploi, d\u00e9m\u00e9nagement, difficult\u00e9 \u00e0 concevoir, retraite, m\u00e9nopause, post-partum, maladie, perte de confiance en soi, \u00e9checs successifs, &#8230;).<\/div><div dir=\"auto\">\u00a0<\/div><\/div><div class=\"x14z9mp xat24cr x1lziwak x1vvkbs xtlvy1s x126k92a\"><div dir=\"auto\">Cette pratique peut tout \u00e0 fait \u00eatre compl\u00e9mentaire \u00e0 la r\u00e9flexologie plantaire et cr\u00e2nio-faciale.<\/div><div dir=\"auto\">\u00a0<\/div><\/div><div class=\"x14z9mp xat24cr x1lziwak x1vvkbs xtlvy1s x126k92a\"><div dir=\"auto\">Attention : je pratique seulement sur les personnes majeures et cette m\u00e9thode n&#8217;est pas indiqu\u00e9e pendant la grossesse, mais parfaitement indiqu\u00e9e pour le post-partum !<\/div><\/div><\/div>\t\t\t\t\t\t\t\t<\/div>\n\t\t\t\t<\/div>\n\t\t\t\t\t<\/div>\n\t\t\t\t<\/div>\n\t\t<div class=\"elementor-element elementor-element-4b75887 e-flex e-con-boxed e-con e-parent\" data-id=\"4b75887\" data-element_type=\"container\">\n\t\t\t\t\t<div class=\"e-con-inner\">\n\t\t\t\t<div class=\"elementor-element elementor-element-349925f elementor-widget elementor-widget-image\" data-id=\"349925f\" data-element_type=\"widget\" data-widget_type=\"image.default\">\n\t\t\t\t<div class=\"elementor-widget-container\">\n\t\t\t\t\t\t\t\t\t\t\t\t\t\t\t<img fetchpriority=\"high\" decoding=\"async\" width=\"1024\" height=\"923\" src=\"https:\/\/johanna-castel-reflexologie.fr\/wp-content\/uploads\/2025\/07\/MMC_5297-1024x923.jpg\" class=\"attachment-large size-large wp-image-9050\" alt=\"\" srcset=\"https:\/\/johanna-castel-reflexologie.fr\/wp-content\/uploads\/2025\/07\/MMC_5297-1024x923.jpg 1024w, https:\/\/johanna-castel-reflexologie.fr\/wp-content\/uploads\/2025\/07\/MMC_5297-300x270.jpg 300w, https:\/\/johanna-castel-reflexologie.fr\/wp-content\/uploads\/2025\/07\/MMC_5297-768x692.jpg 768w, https:\/\/johanna-castel-reflexologie.fr\/wp-content\/uploads\/2025\/07\/MMC_5297-1536x1385.jpg 1536w, https:\/\/johanna-castel-reflexologie.fr\/wp-content\/uploads\/2025\/07\/MMC_5297-2048x1846.jpg 2048w\" sizes=\"(max-width: 1024px) 100vw, 1024px\" \/>\t\t\t\t\t\t\t\t\t\t\t\t\t\t\t<\/div>\n\t\t\t\t<\/div>\n\t\t\t\t\t<\/div>\n\t\t\t\t<\/div>\n\t\t\t\t<\/div>\n\t\t","protected":false},"excerpt":{"rendered":"<p>La r\u00e9flexologie consid\u00e8re la personne dans sa globalit\u00e9 et peut agir sur les terrains physique et \u00e9motionnel. L\u2019objectif est d\u2019harmoniser corps et esprit.\u00a0\u00a0En M\u00e9decine Traditionnelle Chinoise, les m\u00e9ridiens sont reli\u00e9s aux organes, eux-m\u00eames reli\u00e9s aux \u00e9motions.\u00a0La r\u00e9flexologie peut aller travailler sur le r\u00e9\u00e9quilibrage des organes lorsqu\u2019il existe un blocage ou un d\u00e9s\u00e9quilibre \u00e9motionnel. Un probl\u00e8me&hellip;<\/p>\n","protected":false},"author":1,"featured_media":0,"parent":0,"menu_order":0,"comment_status":"closed","ping_status":"closed","template":"","meta":{"footnotes":""},"class_list":["post-9029","page","type-page","status-publish","hentry"],"_links":{"self":[{"href":"https:\/\/johanna-castel-reflexologie.fr\/index.php?rest_route=\/wp\/v2\/pages\/9029","targetHints":{"allow":["GET"]}}],"collection":[{"href":"https:\/\/johanna-castel-reflexologie.fr\/index.php?rest_route=\/wp\/v2\/pages"}],"about":[{"href":"https:\/\/johanna-castel-reflexologie.fr\/index.php?rest_route=\/wp\/v2\/types\/page"}],"author":[{"embeddable":true,"href":"https:\/\/johanna-castel-reflexologie.fr\/index.php?rest_route=\/wp\/v2\/users\/1"}],"replies":[{"embeddable":true,"href":"https:\/\/johanna-castel-reflexologie.fr\/index.php?rest_route=%2Fwp%2Fv2%2Fcomments&post=9029"}],"version-history":[{"count":8,"href":"https:\/\/johanna-castel-reflexologie.fr\/index.php?rest_route=\/wp\/v2\/pages\/9029\/revisions"}],"predecessor-version":[{"id":9053,"href":"https:\/\/johanna-castel-reflexologie.fr\/index.php?rest_route=\/wp\/v2\/pages\/9029\/revisions\/9053"}],"wp:attachment":[{"href":"https:\/\/johanna-castel-reflexologie.fr\/index.php?rest_route=%2Fwp%2Fv2%2Fmedia&parent=9029"}],"curies":[{"name":"wp","href":"https:\/\/api.w.org\/{rel}","templated":true}]}}